{"id":315,"date":"2024-12-02T03:12:16","date_gmt":"2024-12-02T03:12:16","guid":{"rendered":"https:\/\/www.antunezconsultores.mx\/?page_id=315"},"modified":"2024-12-03T15:31:33","modified_gmt":"2024-12-03T15:31:33","slug":"aviso-de-privacidad","status":"publish","type":"page","link":"https:\/\/www.antunezconsultores.mx\/?page_id=315","title":{"rendered":"Aviso de privacidad"},"content":{"rendered":"\t\t<div data-elementor-type=\"wp-page\" data-elementor-id=\"315\" class=\"elementor elementor-315\" data-elementor-post-type=\"page\">\n\t\t\t\t<div class=\"elementor-element elementor-element-1db4465 e-con-full e-flex e-con e-parent\" data-id=\"1db4465\" data-element_type=\"container\" data-settings=\"{&quot;background_background&quot;:&quot;gradient&quot;}\">\n\t\t<div class=\"elementor-element elementor-element-03d3a96 e-flex e-con-boxed e-con e-child\" data-id=\"03d3a96\" data-element_type=\"container\">\n\t\t\t\t\t<div class=\"e-con-inner\">\n\t\t\t\t<div class=\"elementor-element elementor-element-93ad9c0 elementor-widget__width-initial elementor-widget-tablet__width-inherit elementor-widget elementor-widget-heading\" data-id=\"93ad9c0\" data-element_type=\"widget\" data-widget_type=\"heading.default\">\n\t\t\t\t<div class=\"elementor-widget-container\">\n\t\t\t<h2 class=\"elementor-heading-title elementor-size-default\">Aviso de privacidad<\/h2>\t\t<\/div>\n\t\t\t\t<\/div>\n\t\t\t\t<div class=\"elementor-element elementor-element-8006604 elementor-widget__width-initial elementor-widget elementor-widget-text-editor\" data-id=\"8006604\" data-element_type=\"widget\" data-widget_type=\"text-editor.default\">\n\t\t\t\t<div class=\"elementor-widget-container\">\n\t\t\t\t\t\t\t<p>El \u201cUSUARIO\u201d acepta que la firma Ant\u00fanez Consultores (en lo sucesivo \u00abAnt\u00fanez Consultores\u00bb) lo contacte, notifique y le env\u00ede en general informaci\u00f3n principalmente v\u00eda correo electr\u00f3nico, en base a los datos proporcionados a \u00e9ste.<\/p><p>Ant\u00fanez Consultores podr\u00e1 utilizar cualquier otro medio de comunicaci\u00f3n que considere conveniente para contactar al \u201cUSUARIO\u201d. As\u00ed mismo, hacemos de su conocimiento que Ant\u00fanez Consultores se encuentra ubicada en C. Pedro Celestino Negrete No. 1104 Pte. Zona Centro CP 34000 Durango, Durango, M\u00e9xico.<\/p><p>Por lo anterior, en virtud de su calidad como USUARIO, mediante el presente Aviso de Privacidad Ant\u00fanez Consultores le reitera que toda la informaci\u00f3n concerniente a su persona (en adelante los Datos Personales) ser\u00e1 manejada con absoluta confidencialidad y que tanto la obtenci\u00f3n, el uso, la divulgaci\u00f3n, como su almacenamiento (en lo sucesivo el Tratamiento) s\u00f3lo se realiza con la finalidad de (I) permitir la intermediaci\u00f3n de contratos de Asesor\u00eda Contable Administrativa, Contable y Fiscal, (II) dar el debido cumplimiento a las obligaciones que se deriven de la relaci\u00f3n jur\u00eddica que exista entre usted y Ant\u00fanez Consultores, (III) dar cumplimiento a la legislaci\u00f3n aplicable, (IV) ofrecerle Asesor\u00eda a usted sobre los servicios de Ant\u00fanez Consultores, (V) ofrecerle soporte sobre los servicios que se le proporcionen a usted, (VI) darle atenci\u00f3n y seguimiento a sus solicitudes y a los servicios que Ant\u00fanez Consultores le preste, incluyendo encuestas de satisfacci\u00f3n, (VII) informarle sobre nuevos servicios que Ant\u00fanez Consultores ofrezca o pueda ofrecer en el futuro, y (VIII) con fines estad\u00edsticos, financieros, administrativos o de calidad. En virtud de lo anterior, a partir del momento en que nos otorga su consentimiento Ant\u00fanez Consultores podr\u00e1 mantener en sus registros, tanto f\u00edsicos como electr\u00f3nicos, toda la informaci\u00f3n que nos haya sido facilitada por usted a trav\u00e9s de cualquier medio de los puestos a su disposici\u00f3n por Ant\u00fanez Consultores a fin de recabar sus Datos Personales.<\/p><p>Es importante hacerle saber que Ant\u00fanez Consultores en todo momento se abstendr\u00e1 de vender o arrendar sus Datos Personales a alg\u00fan tercero.<\/p><p>De igual forma, mediante el presente Aviso de Privacidad Ant\u00fanez Consultores hace de su conocimiento que, como parte de su preocupaci\u00f3n en cuanto al adecuado Tratamiento y cuidado de la informaci\u00f3n personal, mantiene diversos mecanismos, procedimientos y medidas de seguridad tanto administrativas, como t\u00e9cnicas y f\u00edsicas tendientes a lograr la protecci\u00f3n de dicha informaci\u00f3n contra da\u00f1o, p\u00e9rdida, alteraci\u00f3n, destrucci\u00f3n o uso no autorizado. Cabe mencionar que como parte de dichos mecanismos y medidas de seguridad Ant\u00fanez Consultores tiene celebrado con sus colaboradores, proveedores, prestadores de servicios y partes relacionadas diversos acuerdos de confidencialidad, con los que los compromete a llevar a cabo un adecuado Tratamiento de sus Datos Personales y a respetar los t\u00e9rminos contenidos en el presente Aviso de Privacidad.<\/p><p>En t\u00e9rminos de la Ley Federal de Protecci\u00f3n de Datos Personales en Posesi\u00f3n de Particulares, publicada en el Diario Oficial de la Federaci\u00f3n el d\u00eda 05 de julio de 2010 (la Ley), Ant\u00fanez Consultores a partir del 06 de enero de 2018, en t\u00e9rminos de la Ley ya referida, vigilar\u00e1 y dar\u00e1 tr\u00e1mite a las solicitudes que usted o cualquiera interesado pueda tener sobre el adecuado Tratamiento de sus Datos Personales, en t\u00e9rminos del presente Aviso de Privacidad. Por lo anterior, cualquier solicitud de acceso, rectificaci\u00f3n, cancelaci\u00f3n u oposici\u00f3n, as\u00ed como cualquier aclaraci\u00f3n, actualizaci\u00f3n de sus Datos Personales o revocaci\u00f3n de su consentimiento deber\u00e1 contactarnos a trav\u00e9s del correo: <a rel=\"noopener\">contacto@antunezconsultores.mx<\/a><\/p><p>Resulta fundamental aclarar que, en t\u00e9rminos de la Ley aplicable, para que Ant\u00fanez Consultores pueda dar tr\u00e1mite a cualquier solicitud que en t\u00e9rminos del presente Aviso de Privacidad usted o cualquiera interesado le presente, deber\u00e1 el titular de los datos cumplir con los requisitos que se se\u00f1alan en los art\u00edculos 29, 31 y dem\u00e1s aplicables de la misma Ley.<\/p><p>Por \u00faltimo, Ant\u00fanez Consultores se reserva el derecho a modificar el presente Aviso de Privacidad, por lo que hace de su conocimiento que cualquier cambio o modificaci\u00f3n al contenido de este le ser\u00e1 comunicado oportunamente a trav\u00e9s de su sitio web <a href=\"http:\/\/www.antunezconsultores.mx\" target=\"_new\" rel=\"noopener\">www.antunezconsultores.mx<\/a>, o mediante alg\u00fan otro medio de comunicaci\u00f3n que tengamos con usted.<\/p><p>\u00a0<\/p>\t\t\t\t\t\t<\/div>\n\t\t\t\t<\/div>\n\t\t\t\t\t<\/div>\n\t\t\t\t<\/div>\n\t\t\t\t<\/div>\n\t\t\t\t<\/div>\n\t\t","protected":false},"excerpt":{"rendered":"<p>Aviso de privacidad El \u201cUSUARIO\u201d acepta que la firma Ant\u00fanez Consultores (en lo sucesivo \u00abAnt\u00fanez Consultores\u00bb) lo contacte, notifique y le env\u00ede en general informaci\u00f3n principalmente v\u00eda correo electr\u00f3nico, en base a los datos proporcionados a \u00e9ste. Ant\u00fanez Consultores podr\u00e1 utilizar cualquier otro medio de comunicaci\u00f3n que considere conveniente para contactar al \u201cUSUARIO\u201d. As\u00ed mismo, [&hellip;]<\/p>\n","protected":false},"author":1,"featured_media":0,"parent":0,"menu_order":0,"comment_status":"closed","ping_status":"closed","template":"","meta":{"footnotes":""},"class_list":["post-315","page","type-page","status-publish","hentry"],"_links":{"self":[{"href":"https:\/\/www.antunezconsultores.mx\/index.php?rest_route=\/wp\/v2\/pages\/315","targetHints":{"allow":["GET"]}}],"collection":[{"href":"https:\/\/www.antunezconsultores.mx\/index.php?rest_route=\/wp\/v2\/pages"}],"about":[{"href":"https:\/\/www.antunezconsultores.mx\/index.php?rest_route=\/wp\/v2\/types\/page"}],"author":[{"embeddable":true,"href":"https:\/\/www.antunezconsultores.mx\/index.php?rest_route=\/wp\/v2\/users\/1"}],"replies":[{"embeddable":true,"href":"https:\/\/www.antunezconsultores.mx\/index.php?rest_route=%2Fwp%2Fv2%2Fcomments&post=315"}],"version-history":[{"count":7,"href":"https:\/\/www.antunezconsultores.mx\/index.php?rest_route=\/wp\/v2\/pages\/315\/revisions"}],"predecessor-version":[{"id":383,"href":"https:\/\/www.antunezconsultores.mx\/index.php?rest_route=\/wp\/v2\/pages\/315\/revisions\/383"}],"wp:attachment":[{"href":"https:\/\/www.antunezconsultores.mx\/index.php?rest_route=%2Fwp%2Fv2%2Fmedia&parent=315"}],"curies":[{"name":"wp","href":"https:\/\/api.w.org\/{rel}","templated":true}]}}