{"id":223,"date":"2024-12-01T01:58:56","date_gmt":"2024-12-01T01:58:56","guid":{"rendered":"https:\/\/www.antunezconsultores.mx\/?page_id=223"},"modified":"2024-12-03T13:25:29","modified_gmt":"2024-12-03T13:25:29","slug":"quienes-somos","status":"publish","type":"page","link":"https:\/\/www.antunezconsultores.mx\/?page_id=223","title":{"rendered":"Quienes somos"},"content":{"rendered":"\t\t<div data-elementor-type=\"wp-page\" data-elementor-id=\"223\" class=\"elementor elementor-223\" data-elementor-post-type=\"page\">\n\t\t\t\t<div class=\"elementor-element elementor-element-de251e6 e-flex e-con-boxed e-con e-parent\" data-id=\"de251e6\" data-element_type=\"container\" data-settings=\"{&quot;background_background&quot;:&quot;gradient&quot;}\">\n\t\t\t\t\t<div class=\"e-con-inner\">\n\t\t<div class=\"elementor-element elementor-element-2895948 e-flex e-con-boxed e-con e-child\" data-id=\"2895948\" data-element_type=\"container\">\n\t\t\t\t\t<div class=\"e-con-inner\">\n\t\t\t\t<div class=\"elementor-element elementor-element-56427b4 elementor-widget__width-inherit elementor-widget-divider--view-line elementor-invisible elementor-widget elementor-widget-divider\" data-id=\"56427b4\" data-element_type=\"widget\" data-settings=\"{&quot;_animation&quot;:&quot;fadeInLeft&quot;}\" data-widget_type=\"divider.default\">\n\t\t\t\t<div class=\"elementor-widget-container\">\n\t\t\t\t\t<div class=\"elementor-divider\">\n\t\t\t<span class=\"elementor-divider-separator\">\n\t\t\t\t\t\t<\/span>\n\t\t<\/div>\n\t\t\t\t<\/div>\n\t\t\t\t<\/div>\n\t\t\t\t<div class=\"elementor-element elementor-element-18a074c elementor-widget__width-initial elementor-widget-tablet__width-inherit elementor-widget elementor-widget-heading\" data-id=\"18a074c\" data-element_type=\"widget\" data-widget_type=\"heading.default\">\n\t\t\t\t<div class=\"elementor-widget-container\">\n\t\t\t<h2 class=\"elementor-heading-title elementor-size-default\">\n\u00bfQui\u00e9nes Somos?<\/h2>\t\t<\/div>\n\t\t\t\t<\/div>\n\t\t\t\t<div class=\"elementor-element elementor-element-7cee366 elementor-widget__width-initial elementor-widget-tablet__width-inherit elementor-widget elementor-widget-text-editor\" data-id=\"7cee366\" data-element_type=\"widget\" data-widget_type=\"text-editor.default\">\n\t\t\t\t<div class=\"elementor-widget-container\">\n\t\t\t\t\t\t\t<p>Somos una firma comprometida con brindar soluciones integrales en consultor\u00eda fiscal, legal y empresarial. Nos distingue nuestra experiencia, profesionalismo y dedicaci\u00f3n para impulsar el \u00e9xito y la competitividad de nuestros clientes.<\/p>\t\t\t\t\t\t<\/div>\n\t\t\t\t<\/div>\n\t\t\t\t\t<\/div>\n\t\t\t\t<\/div>\n\t\t\t\t\t<\/div>\n\t\t\t\t<\/div>\n\t\t<div class=\"elementor-element elementor-element-dff66b1 e-flex e-con-boxed e-con e-parent\" data-id=\"dff66b1\" data-element_type=\"container\">\n\t\t\t\t\t<div class=\"e-con-inner\">\n\t\t\t\t<div class=\"elementor-element elementor-element-a855935 elementor-widget elementor-widget-text-editor\" data-id=\"a855935\" data-element_type=\"widget\" data-widget_type=\"text-editor.default\">\n\t\t\t\t<div class=\"elementor-widget-container\">\n\t\t\t\t\t\t\t<p class=\"p1\">Nuestra Firma tiene por objeto lograr \u201cResultados \u00d3ptimos\u201d a trav\u00e9s de los servicios de alta calidad que proporciona.<\/p><p class=\"p2\">Nos caracterizamos por hacer equipo con nuestros clientes para alcanzar sus objetivos prioritarios.<\/p><p class=\"p3\">Somos reconocidos por la atenci\u00f3n personalizada e inmediata y estamos comprometidos en dar soluciones reales con nuestros clientes.<\/p><p class=\"p3\">Nos caracterizamos por estar <b>siempre<\/b> con una capacitaci\u00f3n constante y siempre al d\u00eda en temas relevantes, de los cuales pueden estar relacionados con nuestros clientes.<\/p><p class=\"p6\">De igual manera, somos parte del contexto en capacitaci\u00f3n para otros profesionistas en el \u00e1mbito legal y fiscal.<\/p>\t\t\t\t\t\t<\/div>\n\t\t\t\t<\/div>\n\t\t\t\t\t<\/div>\n\t\t\t\t<\/div>\n\t\t<div class=\"elementor-element elementor-element-9aada11 e-flex e-con-boxed e-con e-parent\" data-id=\"9aada11\" data-element_type=\"container\">\n\t\t\t\t\t<div class=\"e-con-inner\">\n\t\t<div class=\"elementor-element elementor-element-900ec8b e-con-full e-flex e-con e-child\" data-id=\"900ec8b\" data-element_type=\"container\">\n\t\t\t\t<div class=\"elementor-element elementor-element-fa71727 elementor-invisible elementor-widget elementor-widget-icon-box\" data-id=\"fa71727\" data-element_type=\"widget\" data-settings=\"{&quot;_animation&quot;:&quot;fadeInUp&quot;}\" data-widget_type=\"icon-box.default\">\n\t\t\t\t<div class=\"elementor-widget-container\">\n\t\t\t\t\t<div class=\"elementor-icon-box-wrapper\">\n\n\t\t\t\n\t\t\t\t\t\t<div class=\"elementor-icon-box-content\">\n\n\t\t\t\t\t\t\t\t\t<h3 class=\"elementor-icon-box-title\">\n\t\t\t\t\t\t<span  >\n\t\t\t\t\t\t\tMisi\u00f3n\t\t\t\t\t\t<\/span>\n\t\t\t\t\t<\/h3>\n\t\t\t\t\n\t\t\t\t\t\t\t\t\t<p class=\"elementor-icon-box-description\">\n\t\t\t\t\t\tAnt\u00fanez Consultores es una Firma de consultor\u00eda que tiene como misi\u00f3n brindar asesor\u00eda en las \u00e1reas contable, fiscal, financiera, riesgo patrimonial, administrativa, de auditor\u00eda interna y legal con el fin de generar alternativas confiables para nuestros clientes, con el fin de optimizar sus recursos.\t\t\t\t\t<\/p>\n\t\t\t\t\n\t\t\t<\/div>\n\t\t\t\n\t\t<\/div>\n\t\t\t\t<\/div>\n\t\t\t\t<\/div>\n\t\t\t\t<div class=\"elementor-element elementor-element-b28b07b elementor-invisible elementor-widget elementor-widget-icon-box\" data-id=\"b28b07b\" data-element_type=\"widget\" data-settings=\"{&quot;_animation&quot;:&quot;fadeInUp&quot;}\" data-widget_type=\"icon-box.default\">\n\t\t\t\t<div class=\"elementor-widget-container\">\n\t\t\t\t\t<div class=\"elementor-icon-box-wrapper\">\n\n\t\t\t\n\t\t\t\t\t\t<div class=\"elementor-icon-box-content\">\n\n\t\t\t\t\t\t\t\t\t<h3 class=\"elementor-icon-box-title\">\n\t\t\t\t\t\t<span  >\n\t\t\t\t\t\t\tVision\t\t\t\t\t\t<\/span>\n\t\t\t\t\t<\/h3>\n\t\t\t\t\n\t\t\t\t\t\t\t\t\t<p class=\"elementor-icon-box-description\">\n\t\t\t\t\t\tSer una Firma que cumpla con las expectativas de servicio y soluci\u00f3n de situaciones que se presentan en su organizaci\u00f3n, implementando planes y estrategias que asistan en el impulso y en el desarrollo de su negocio, mejorando su competitividad y eficiencia, logrando convertir a Ant\u00fanez Consultores en su principal asesor de negocios.\t\t\t\t\t<\/p>\n\t\t\t\t\n\t\t\t<\/div>\n\t\t\t\n\t\t<\/div>\n\t\t\t\t<\/div>\n\t\t\t\t<\/div>\n\t\t\t\t<div class=\"elementor-element elementor-element-6fbfc61 elementor-invisible elementor-widget elementor-widget-icon-box\" data-id=\"6fbfc61\" data-element_type=\"widget\" data-settings=\"{&quot;_animation&quot;:&quot;fadeInUp&quot;}\" data-widget_type=\"icon-box.default\">\n\t\t\t\t<div class=\"elementor-widget-container\">\n\t\t\t\t\t<div class=\"elementor-icon-box-wrapper\">\n\n\t\t\t\n\t\t\t\t\t\t<div class=\"elementor-icon-box-content\">\n\n\t\t\t\t\t\t\t\t\t<h2 class=\"elementor-icon-box-title\">\n\t\t\t\t\t\t<span  >\n\t\t\t\t\t\t\tvalores\t\t\t\t\t\t<\/span>\n\t\t\t\t\t<\/h2>\n\t\t\t\t\n\t\t\t\t\t\t\t\t\t<p class=\"elementor-icon-box-description\">\n\t\t\t\t\t\tProfesionalismo, Innovaci\u00f3n y Liderazgo <br>\nNuestro objetivo es garantizar la satisfacci\u00f3n de nuestros clientes al comprometernos con un alto nivel de servicio y calidad y un desempe\u00f1o innovador y de vanguardia. <br> <br>\n\nTransparencia <br>\nGenerar confianza a nuestros clientes, a las autoridades y colaboradores con acciones honestas, \u00e9ticas, responsables y serias.\n <br> <br>Lealtad <br>\nTenemos el firme compromiso de mantener la confidencialidad y respeto a la informaci\u00f3n e intereses de nuestros clientes, socios y colaboradores.\n <br> <br>Nuestra gente <br>\nFomentamos y apoyamos el crecimiento y desarrollo personal y profesional de todos los miembros de la organizaci\u00f3n dentro de un ambiente de cordialidad, de respeto y trabajo en equipo.\t\t\t\t\t<\/p>\n\t\t\t\t\n\t\t\t<\/div>\n\t\t\t\n\t\t<\/div>\n\t\t\t\t<\/div>\n\t\t\t\t<\/div>\n\t\t\t\t<\/div>\n\t\t\t\t\t<\/div>\n\t\t\t\t<\/div>\n\t\t\t\t<\/div>\n\t\t","protected":false},"excerpt":{"rendered":"<p>\u00bfQui\u00e9nes Somos? Somos una firma comprometida con brindar soluciones integrales en consultor\u00eda fiscal, legal y empresarial. Nos distingue nuestra experiencia, profesionalismo y dedicaci\u00f3n para impulsar el \u00e9xito y la competitividad de nuestros clientes. Nuestra Firma tiene por objeto lograr \u201cResultados \u00d3ptimos\u201d a trav\u00e9s de los servicios de alta calidad que proporciona. Nos caracterizamos por hacer [&hellip;]<\/p>\n","protected":false},"author":1,"featured_media":0,"parent":0,"menu_order":0,"comment_status":"closed","ping_status":"closed","template":"","meta":{"footnotes":""},"class_list":["post-223","page","type-page","status-publish","hentry"],"_links":{"self":[{"href":"https:\/\/www.antunezconsultores.mx\/index.php?rest_route=\/wp\/v2\/pages\/223","targetHints":{"allow":["GET"]}}],"collection":[{"href":"https:\/\/www.antunezconsultores.mx\/index.php?rest_route=\/wp\/v2\/pages"}],"about":[{"href":"https:\/\/www.antunezconsultores.mx\/index.php?rest_route=\/wp\/v2\/types\/page"}],"author":[{"embeddable":true,"href":"https:\/\/www.antunezconsultores.mx\/index.php?rest_route=\/wp\/v2\/users\/1"}],"replies":[{"embeddable":true,"href":"https:\/\/www.antunezconsultores.mx\/index.php?rest_route=%2Fwp%2Fv2%2Fcomments&post=223"}],"version-history":[{"count":28,"href":"https:\/\/www.antunezconsultores.mx\/index.php?rest_route=\/wp\/v2\/pages\/223\/revisions"}],"predecessor-version":[{"id":377,"href":"https:\/\/www.antunezconsultores.mx\/index.php?rest_route=\/wp\/v2\/pages\/223\/revisions\/377"}],"wp:attachment":[{"href":"https:\/\/www.antunezconsultores.mx\/index.php?rest_route=%2Fwp%2Fv2%2Fmedia&parent=223"}],"curies":[{"name":"wp","href":"https:\/\/api.w.org\/{rel}","templated":true}]}}