{"id":131,"date":"2024-11-30T05:15:33","date_gmt":"2024-11-30T05:15:33","guid":{"rendered":"https:\/\/www.antunezconsultores.mx\/?page_id=131"},"modified":"2024-12-04T02:01:33","modified_gmt":"2024-12-04T02:01:33","slug":"servicios","status":"publish","type":"page","link":"https:\/\/www.antunezconsultores.mx\/?page_id=131","title":{"rendered":"Servicios"},"content":{"rendered":"\t\t<div data-elementor-type=\"wp-page\" data-elementor-id=\"131\" class=\"elementor elementor-131\" data-elementor-post-type=\"page\">\n\t\t\t\t<div class=\"elementor-element elementor-element-970b00c e-con-full e-flex e-con e-parent\" data-id=\"970b00c\" data-element_type=\"container\" data-settings=\"{&quot;background_background&quot;:&quot;gradient&quot;}\">\n\t\t<div class=\"elementor-element elementor-element-5813527 e-flex e-con-boxed e-con e-child\" data-id=\"5813527\" data-element_type=\"container\">\n\t\t\t\t\t<div class=\"e-con-inner\">\n\t\t\t\t<div class=\"elementor-element elementor-element-b76adef elementor-widget__width-inherit elementor-widget-divider--view-line elementor-invisible elementor-widget elementor-widget-divider\" data-id=\"b76adef\" data-element_type=\"widget\" data-settings=\"{&quot;_animation&quot;:&quot;fadeInLeft&quot;}\" data-widget_type=\"divider.default\">\n\t\t\t\t<div class=\"elementor-widget-container\">\n\t\t\t\t\t<div class=\"elementor-divider\">\n\t\t\t<span class=\"elementor-divider-separator\">\n\t\t\t\t\t\t<\/span>\n\t\t<\/div>\n\t\t\t\t<\/div>\n\t\t\t\t<\/div>\n\t\t\t\t<div class=\"elementor-element elementor-element-4f7e5b4 elementor-widget__width-initial elementor-widget-tablet__width-inherit elementor-widget elementor-widget-heading\" data-id=\"4f7e5b4\" data-element_type=\"widget\" data-widget_type=\"heading.default\">\n\t\t\t\t<div class=\"elementor-widget-container\">\n\t\t\t<h2 class=\"elementor-heading-title elementor-size-default\">Servicios<\/h2>\t\t<\/div>\n\t\t\t\t<\/div>\n\t\t\t\t<div class=\"elementor-element elementor-element-77f4931 elementor-widget__width-initial elementor-widget-tablet__width-inherit elementor-widget elementor-widget-text-editor\" data-id=\"77f4931\" data-element_type=\"widget\" data-widget_type=\"text-editor.default\">\n\t\t\t\t<div class=\"elementor-widget-container\">\n\t\t\t\t\t\t\t<p>En <strong>Ant\u00fanez Consultores<\/strong>, ofrecemos soluciones especializadas en asesor\u00eda fiscal, legal, contable y de gesti\u00f3n empresarial. Nuestro enfoque profesional y personalizado garantiza que tu negocio cumpla con las normativas, optimice recursos y proteja su patrimonio, asegurando estabilidad y crecimiento.<\/p>\t\t\t\t\t\t<\/div>\n\t\t\t\t<\/div>\n\t\t\t\t\t<\/div>\n\t\t\t\t<\/div>\n\t\t\t\t<\/div>\n\t\t<div class=\"elementor-element elementor-element-d5986d5 e-grid e-con-boxed e-con e-parent\" data-id=\"d5986d5\" data-element_type=\"container\">\n\t\t\t\t\t<div class=\"e-con-inner\">\n\t\t\t\t<div class=\"elementor-element elementor-element-188e2f2 elementor-position-top elementor-widget elementor-widget-image-box\" data-id=\"188e2f2\" data-element_type=\"widget\" data-settings=\"{&quot;_animation_mobile&quot;:&quot;fadeInLeft&quot;}\" data-widget_type=\"image-box.default\">\n\t\t\t\t<div class=\"elementor-widget-container\">\n\t\t\t<div class=\"elementor-image-box-wrapper\"><figure class=\"elementor-image-box-img\"><img decoding=\"async\" src=\"https:\/\/www.antunezconsultores.mx\/wp-content\/uploads\/elementor\/thumbs\/antunez-consultores-asesorias-qxw3s4x970356brtad75g8j6cslba54q0th9pwbxkc.jpg\" title=\"Successful Business Partners Discussing Contract\" alt=\"Closeup portrait of two unrecognizable  business partners reviewing paperwork and signing contract papers at table during meeting\" class=\"elementor-animation-float\" loading=\"lazy\" \/><\/figure><div class=\"elementor-image-box-content\"><h3 class=\"elementor-image-box-title\">Asesor\u00eda preventiva en materia fiscal<\/h3><p class=\"elementor-image-box-description\">Las operaciones habituales requieren formalidades espec\u00edficas para evitar observaciones fiscales. Nuestra asesor\u00eda preventiva te ayuda a cumplir con estas formalidades de manera segura.<\/p><\/div><\/div>\t\t<\/div>\n\t\t\t\t<\/div>\n\t\t\t\t<div class=\"elementor-element elementor-element-1c713cf elementor-position-top elementor-widget elementor-widget-image-box\" data-id=\"1c713cf\" data-element_type=\"widget\" data-settings=\"{&quot;_animation_mobile&quot;:&quot;fadeInLeft&quot;}\" data-widget_type=\"image-box.default\">\n\t\t\t\t<div class=\"elementor-widget-container\">\n\t\t\t<div class=\"elementor-image-box-wrapper\"><figure class=\"elementor-image-box-img\"><img decoding=\"async\" src=\"https:\/\/www.antunezconsultores.mx\/wp-content\/uploads\/elementor\/thumbs\/Asesoria-Fiscal-antunez-consultores-qxw3uzdnvxzebtmzo3hhi0of3skbl5fgqwl71240q4.jpg\" title=\"Asesoria-Fiscal-antunez consultores\" alt=\"Asesoria-Fiscal-antunez consultores\" class=\"elementor-animation-float\" loading=\"lazy\" \/><\/figure><div class=\"elementor-image-box-content\"><h3 class=\"elementor-image-box-title\">Asesor\u00eda fiscal<\/h3><p class=\"elementor-image-box-description\">La complejidad fiscal actual demanda conocimientos especializados. Te ayudamos con la interpretaci\u00f3n normativa y la identificaci\u00f3n de oportunidades fiscales.<\/p><\/div><\/div>\t\t<\/div>\n\t\t\t\t<\/div>\n\t\t\t\t<div class=\"elementor-element elementor-element-9b9e0ca elementor-position-top elementor-widget elementor-widget-image-box\" data-id=\"9b9e0ca\" data-element_type=\"widget\" data-settings=\"{&quot;_animation_mobile&quot;:&quot;fadeInLeft&quot;}\" data-widget_type=\"image-box.default\">\n\t\t\t\t<div class=\"elementor-widget-container\">\n\t\t\t<div class=\"elementor-image-box-wrapper\"><figure class=\"elementor-image-box-img\"><img decoding=\"async\" src=\"https:\/\/www.antunezconsultores.mx\/wp-content\/uploads\/elementor\/thumbs\/asesoria-fiscal-antunez-consultores-durango-qxw3zbevefwzv3cccyxjzxaxpr792wmwocvsozoo18.jpg\" title=\"asesoria fiscal antunez consultores durango\" alt=\"asesoria fiscal antunez consultores durango\" class=\"elementor-animation-float\" loading=\"lazy\" \/><\/figure><div class=\"elementor-image-box-content\"><h3 class=\"elementor-image-box-title\">Asesor\u00eda legal y litigio fiscal<\/h3><p class=\"elementor-image-box-description\">Las disposiciones legales cambian constantemente, afectando la seguridad jur\u00eddica. Te asesoramos para minimizar impactos econ\u00f3micos y financieros en tu negocio.<\/p><\/div><\/div>\t\t<\/div>\n\t\t\t\t<\/div>\n\t\t\t\t<div class=\"elementor-element elementor-element-9d796cf elementor-position-top elementor-widget elementor-widget-image-box\" data-id=\"9d796cf\" data-element_type=\"widget\" data-settings=\"{&quot;_animation_mobile&quot;:&quot;fadeInLeft&quot;}\" data-widget_type=\"image-box.default\">\n\t\t\t\t<div class=\"elementor-widget-container\">\n\t\t\t<div class=\"elementor-image-box-wrapper\"><figure class=\"elementor-image-box-img\"><img decoding=\"async\" src=\"https:\/\/www.antunezconsultores.mx\/wp-content\/uploads\/elementor\/thumbs\/riesgo-patrimonial-antunez-consultores-durango-qxw41do4ecqncachbd12ywkcn718yztpakf5lumkdo.jpg\" title=\"riesgo patrimonial antunez consultores durango\" alt=\"riesgo patrimonial antunez consultores durango\" class=\"elementor-animation-float\" loading=\"lazy\" \/><\/figure><div class=\"elementor-image-box-content\"><h3 class=\"elementor-image-box-title\">Asesor\u00eda de prevenci\u00f3n de riesgo patrimonial<\/h3><p class=\"elementor-image-box-description\">Proteger tu patrimonio y el de tus seres queridos es crucial. Ofrecemos estrategias fiscales que aseguren tu estabilidad econ\u00f3mica.<\/p><\/div><\/div>\t\t<\/div>\n\t\t\t\t<\/div>\n\t\t\t\t<div class=\"elementor-element elementor-element-a302d84 elementor-position-top elementor-widget elementor-widget-image-box\" data-id=\"a302d84\" data-element_type=\"widget\" data-settings=\"{&quot;_animation_mobile&quot;:&quot;fadeInLeft&quot;}\" data-widget_type=\"image-box.default\">\n\t\t\t\t<div class=\"elementor-widget-container\">\n\t\t\t<div class=\"elementor-image-box-wrapper\"><figure class=\"elementor-image-box-img\"><img decoding=\"async\" src=\"https:\/\/www.antunezconsultores.mx\/wp-content\/uploads\/elementor\/thumbs\/impuestos-locales-antunez-consultores-durango-qxw438envla08lnjhnvldxq2tjwb5i6n7qqmohvm3w.jpg\" title=\"impuestos locales antunez consultores durango\" alt=\"impuestos locales antunez consultores durango\" class=\"elementor-animation-float\" loading=\"lazy\" \/><\/figure><div class=\"elementor-image-box-content\"><h3 class=\"elementor-image-box-title\">Impuestos locales y estatales<\/h3><p class=\"elementor-image-box-description\">Te brindamos asesor\u00eda especializada para cumplir con tus obligaciones fiscales estatales, aprovechar beneficios locales y garantizar el cumplimiento normativo.<\/p><\/div><\/div>\t\t<\/div>\n\t\t\t\t<\/div>\n\t\t\t\t<div class=\"elementor-element elementor-element-705a4d7 elementor-position-top elementor-widget elementor-widget-image-box\" data-id=\"705a4d7\" data-element_type=\"widget\" data-settings=\"{&quot;_animation_mobile&quot;:&quot;fadeInLeft&quot;}\" data-widget_type=\"image-box.default\">\n\t\t\t\t<div class=\"elementor-widget-container\">\n\t\t\t<div class=\"elementor-image-box-wrapper\"><figure class=\"elementor-image-box-img\"><img decoding=\"async\" src=\"https:\/\/www.antunezconsultores.mx\/wp-content\/uploads\/elementor\/thumbs\/control-interno-antunez-consultores-durango-qxw44vmhu5j2k19ivvh390s48tsfmfpqfvu7wxft7w.webp\" title=\"control interno antunez consultores durango\" alt=\"control interno antunez consultores durango\" class=\"elementor-animation-float\" loading=\"lazy\" \/><\/figure><div class=\"elementor-image-box-content\"><h3 class=\"elementor-image-box-title\">Dise\u00f1o y evaluaci\u00f3n de control interno<\/h3><p class=\"elementor-image-box-description\">Un control interno adecuado es clave para prevenir fraudes, proteger activos y garantizar el bienestar de accionistas y colaboradores.<\/p><\/div><\/div>\t\t<\/div>\n\t\t\t\t<\/div>\n\t\t\t\t<div class=\"elementor-element elementor-element-8fc27bb elementor-position-top elementor-widget elementor-widget-image-box\" data-id=\"8fc27bb\" data-element_type=\"widget\" data-settings=\"{&quot;_animation_mobile&quot;:&quot;fadeInLeft&quot;}\" data-widget_type=\"image-box.default\">\n\t\t\t\t<div class=\"elementor-widget-container\">\n\t\t\t<div class=\"elementor-image-box-wrapper\"><figure class=\"elementor-image-box-img\"><img decoding=\"async\" src=\"https:\/\/www.antunezconsultores.mx\/wp-content\/uploads\/elementor\/thumbs\/contabilidad-antunez-consultores-durango-qxw46zrf7qfaog6xjadvczkgd1d5xx3zqcojscax7w.jpg\" title=\"contabilidad antunez consultores durango\" alt=\"contabilidad antunez consultores durango\" class=\"elementor-animation-float\" loading=\"lazy\" \/><\/figure><div class=\"elementor-image-box-content\"><h3 class=\"elementor-image-box-title\">Elaboraci\u00f3n de Contabilidad y asignaci\u00f3n de Profesionales<\/h3><p class=\"elementor-image-box-description\">Delegamos tu administraci\u00f3n contable a expertos, permiti\u00e9ndote centrar esfuerzos en el crecimiento de tu negocio de forma segura y eficiente.<\/p><\/div><\/div>\t\t<\/div>\n\t\t\t\t<\/div>\n\t\t\t\t<div class=\"elementor-element elementor-element-a00c5af elementor-position-top elementor-widget elementor-widget-image-box\" data-id=\"a00c5af\" data-element_type=\"widget\" data-settings=\"{&quot;_animation_mobile&quot;:&quot;fadeInLeft&quot;}\" data-widget_type=\"image-box.default\">\n\t\t\t\t<div class=\"elementor-widget-container\">\n\t\t\t<div class=\"elementor-image-box-wrapper\"><figure class=\"elementor-image-box-img\"><img decoding=\"async\" src=\"https:\/\/www.antunezconsultores.mx\/wp-content\/uploads\/elementor\/thumbs\/lavado-de-dinero-antunez-consultores-durango-qxw489tiim6chcc12cal95y1gx25f36u8oncawemr0.jpg\" title=\"Mexican pesos\" alt=\"billetes de 200 pesos. Mexican money laundered, 200 hundred pesos bills.\" class=\"elementor-animation-float\" loading=\"lazy\" \/><\/figure><div class=\"elementor-image-box-content\"><h3 class=\"elementor-image-box-title\">Prevenci\u00f3n de lavado de dinero y financiamiento al terrorismo<\/h3><p class=\"elementor-image-box-description\">Cumplimos con est\u00e1ndares internacionales para minimizar riesgos relacionados con lavado de dinero y financiamiento il\u00edcito en tus operaciones.<\/p><\/div><\/div>\t\t<\/div>\n\t\t\t\t<\/div>\n\t\t\t\t<div class=\"elementor-element elementor-element-62a432f elementor-position-top elementor-widget elementor-widget-image-box\" data-id=\"62a432f\" data-element_type=\"widget\" data-settings=\"{&quot;_animation_mobile&quot;:&quot;fadeInLeft&quot;}\" data-widget_type=\"image-box.default\">\n\t\t\t\t<div class=\"elementor-widget-container\">\n\t\t\t<div class=\"elementor-image-box-wrapper\"><figure class=\"elementor-image-box-img\"><img decoding=\"async\" src=\"https:\/\/www.antunezconsultores.mx\/wp-content\/uploads\/elementor\/thumbs\/capacitacion-antunez-consultores-durango-qxw49ktg0byolufrfwlxpu3366mi3ydf359maqgy3w.png\" title=\"capacitacion antunez consultores durango\" alt=\"capacitacion antunez consultores durango\" class=\"elementor-animation-float\" loading=\"lazy\" \/><\/figure><div class=\"elementor-image-box-content\"><h3 class=\"elementor-image-box-title\">Capacitaci\u00f3n y desarrollo profesional y empresarial<\/h3><p class=\"elementor-image-box-description\">El conocimiento impulsa el \u00e9xito. Te ayudamos a desarrollar habilidades clave para tomar mejores decisiones y alcanzar objetivos estrat\u00e9gicos.<\/p><\/div><\/div>\t\t<\/div>\n\t\t\t\t<\/div>\n\t\t\t\t\t<\/div>\n\t\t\t\t<\/div>\n\t\t<div class=\"elementor-element elementor-element-346b04a e-flex e-con-boxed e-con e-parent\" data-id=\"346b04a\" data-element_type=\"container\">\n\t\t\t\t\t<div class=\"e-con-inner\">\n\t\t\t\t<div class=\"elementor-element elementor-element-88f8959 elementor-widget elementor-widget-heading\" data-id=\"88f8959\" data-element_type=\"widget\" data-widget_type=\"heading.default\">\n\t\t\t\t<div class=\"elementor-widget-container\">\n\t\t\t<h2 class=\"elementor-heading-title elementor-size-default\">\u00a1Agenda una asesor\u00eda gratuita!<\/h2>\t\t<\/div>\n\t\t\t\t<\/div>\n\t\t\t\t<div class=\"elementor-element elementor-element-1dc26e8 elementor-align-center elementor-widget elementor-widget-button\" data-id=\"1dc26e8\" data-element_type=\"widget\" data-widget_type=\"button.default\">\n\t\t\t\t<div class=\"elementor-widget-container\">\n\t\t\t\t\t\t\t<div class=\"elementor-button-wrapper\">\n\t\t\t\t\t<a class=\"elementor-button elementor-button-link elementor-size-sm\" href=\"https:\/\/www.antunezconsultores.mx\/?page_id=196\" target=\"_blank\">\n\t\t\t\t\t\t<span class=\"elementor-button-content-wrapper\">\n\t\t\t\t\t\t\t\t\t<span class=\"elementor-button-text\">Cont\u00e1ctanos<\/span>\n\t\t\t\t\t<\/span>\n\t\t\t\t\t<\/a>\n\t\t\t\t<\/div>\n\t\t\t\t\t\t<\/div>\n\t\t\t\t<\/div>\n\t\t\t\t\t<\/div>\n\t\t\t\t<\/div>\n\t\t\t\t<\/div>\n\t\t","protected":false},"excerpt":{"rendered":"<p>Servicios En Ant\u00fanez Consultores, ofrecemos soluciones especializadas en asesor\u00eda fiscal, legal, contable y de gesti\u00f3n empresarial. Nuestro enfoque profesional y personalizado garantiza que tu negocio cumpla con las normativas, optimice recursos y proteja su patrimonio, asegurando estabilidad y crecimiento. Asesor\u00eda preventiva en materia fiscal Las operaciones habituales requieren formalidades espec\u00edficas para evitar observaciones fiscales. Nuestra [&hellip;]<\/p>\n","protected":false},"author":1,"featured_media":0,"parent":0,"menu_order":0,"comment_status":"closed","ping_status":"closed","template":"","meta":{"footnotes":""},"class_list":["post-131","page","type-page","status-publish","hentry"],"_links":{"self":[{"href":"https:\/\/www.antunezconsultores.mx\/index.php?rest_route=\/wp\/v2\/pages\/131","targetHints":{"allow":["GET"]}}],"collection":[{"href":"https:\/\/www.antunezconsultores.mx\/index.php?rest_route=\/wp\/v2\/pages"}],"about":[{"href":"https:\/\/www.antunezconsultores.mx\/index.php?rest_route=\/wp\/v2\/types\/page"}],"author":[{"embeddable":true,"href":"https:\/\/www.antunezconsultores.mx\/index.php?rest_route=\/wp\/v2\/users\/1"}],"replies":[{"embeddable":true,"href":"https:\/\/www.antunezconsultores.mx\/index.php?rest_route=%2Fwp%2Fv2%2Fcomments&post=131"}],"version-history":[{"count":64,"href":"https:\/\/www.antunezconsultores.mx\/index.php?rest_route=\/wp\/v2\/pages\/131\/revisions"}],"predecessor-version":[{"id":386,"href":"https:\/\/www.antunezconsultores.mx\/index.php?rest_route=\/wp\/v2\/pages\/131\/revisions\/386"}],"wp:attachment":[{"href":"https:\/\/www.antunezconsultores.mx\/index.php?rest_route=%2Fwp%2Fv2%2Fmedia&parent=131"}],"curies":[{"name":"wp","href":"https:\/\/api.w.org\/{rel}","templated":true}]}}